{"id":2510,"date":"2025-02-05T11:41:29","date_gmt":"2025-02-05T10:41:29","guid":{"rendered":"https:\/\/autoescola.compsaonline.cat\/?page_id=2510"},"modified":"2025-02-05T11:42:49","modified_gmt":"2025-02-05T10:42:49","slug":"system-information","status":"publish","type":"page","link":"https:\/\/autoescola.compsaonline.cat\/ca\/system-information\/","title":{"rendered":"Sistema intern d&#8217;informaci\u00f3"},"content":{"rendered":"<div class=\"fusion-fullwidth fullwidth-box fusion-builder-row-1 fusion-flex-container has-pattern-background has-mask-background nonhundred-percent-fullwidth non-hundred-percent-height-scrolling\" style=\"--awb-border-radius-top-left:0px;--awb-border-radius-top-right:0px;--awb-border-radius-bottom-right:0px;--awb-border-radius-bottom-left:0px;--awb-padding-top:100px;--awb-padding-bottom:100px;--awb-background-color:var(--awb-color1);--awb-flex-wrap:wrap;\" ><div class=\"fusion-builder-row fusion-row fusion-flex-align-items-flex-start fusion-flex-content-wrap\" style=\"max-width:1081.6px;margin-left: calc(-4% \/ 2 );margin-right: calc(-4% \/ 2 );\"><div class=\"fusion-layout-column fusion_builder_column fusion-builder-column-0 fusion_builder_column_1_1 1_1 fusion-flex-column\" style=\"--awb-bg-size:cover;--awb-width-large:100%;--awb-spacing-right-large:1.92%;--awb-margin-bottom-large:0px;--awb-spacing-left-large:1.92%;--awb-width-medium:100%;--awb-order-medium:0;--awb-spacing-right-medium:1.92%;--awb-spacing-left-medium:1.92%;--awb-width-small:100%;--awb-order-small:0;--awb-spacing-right-small:1.92%;--awb-spacing-left-small:1.92%;\"><div class=\"fusion-column-wrapper fusion-column-has-shadow fusion-flex-justify-content-flex-start fusion-content-layout-column\"><div class=\"fusion-text fusion-text-1\" style=\"--awb-font-size:15px;--awb-text-color:var(--awb-color8);\"><p><span class=\"font-bold\">AUTOESCOLA PALLARS, S.L.<\/span>\u00a0(d&#8217;ara endavant, l&#8217;Entitat) ha implantat un Sistema Intern d&#8217;Informaci\u00f3 (SIIF) , el qual integra els diferents canals d&#8217;informaci\u00f3 interns de l&#8217;organitzaci\u00f3 i es configura com un eix fonamental per al foment de la cultura d&#8217;actuaci\u00f3 \u00e8tica , responsable i sostenible, amb el deure de supervisi\u00f3, control i prevenci\u00f3 en mat\u00e8ria de compliment normatiu. El sistema constitueix la llera preferent i una eina d&#8217;utilitzaci\u00f3 obligat\u00f2ria per canalitzar diligentment les comunicacions sobre infraccions i incompliments normatius, amb total protecci\u00f3 dels informants, sense risc de repres\u00e0lies i amb les mesures de protecci\u00f3 necess\u00e0ries. El SIIF s&#8217;ha dissenyat, configurat i est\u00e0 gestionat amb les mesures i els mecanismes necessaris de seguretat, confidencialitat, protecci\u00f3 de dades i protecci\u00f3 a l&#8217;informant. Per aix\u00f2 comptem amb la col\u00b7laboraci\u00f3 i suport de l&#8217;expert extern BONET consulting , que aporta alts nivells de professionalitat, experi\u00e8ncia, independ\u00e8ncia, confidencialitat i compliment del marc normatiu aplicable. Per tant, l&#8217;Entitat ha dotat el SIIF d&#8217;una s\u00e8rie de garanties, entre les quals hi ha l&#8217;anonimat\/anonimitzaci\u00f3, el registre adequat, la conservaci\u00f3 i no alteraci\u00f3 de la informaci\u00f3, la prevenci\u00f3 de conflictes d&#8217;inter\u00e8s, la protecci\u00f3 de l&#8217;informant i la prohibici\u00f3 de repres\u00e0lies. Per con\u00e8ixer detalladament els principis d&#8217;actuaci\u00f3 i les garanties fonamentals que regeixen el Sistema Intern d&#8217;Informaci\u00f3 de l&#8217;Entitat en virtut dels requisits exigits per la nova normativa podeu veure i accedir a la\u00a0<a class=\"text-md\" href=\"\/wp-content\/uploads\/2025\/02\/pgsii-cat.pdf\" target=\"_blank\" rel=\"noopener\">Pol\u00edtica General del Sistema Intern d&#8217;Informaci\u00f3 i Defensa de l&#8217; Informant<\/a>.<\/p>\n<\/div><div class=\"fusion-title title fusion-title-1 fusion-sep-none fusion-title-text fusion-title-size-three bold\" style=\"--awb-text-color:#5b5262;--awb-font-size:30px;\"><h3 class=\"fusion-title-heading title-heading-left\" style=\"margin:0;font-size:1em;\">Canals d&#8217;informaci\u00f3<\/h3><\/div><div class=\"fusion-text fusion-text-2\" style=\"--awb-font-size:15px;--awb-text-color:var(--awb-color8);\"><p>L&#8217;Entitat ha habilitat diferents canals interns d&#8217;informaci\u00f3 que permeten presentar comunicacions en format escrit o verbal. A aquest efecte, l&#8217;Entitat compta amb la configuraci\u00f3, el disseny i el suport d&#8217;un expert extern per tal d&#8217;aportar els nivells m\u00e9s alts de professionalitat, experi\u00e8ncia, independ\u00e8ncia, confidencialitat, protecci\u00f3 de dades i de l&#8217;informant, i altres \u00e0mbits aplicables per a aquest tipus de canals. A la nostra Pol\u00edtica podeu trobar ampliada la informaci\u00f3 sobre les caracter\u00edstiques t\u00e8cniques dels canals. Els canals del nostre SIIF s\u00f3n els seg\u00fcents:<\/p>\n<\/div><div class=\"fusion-title title fusion-title-2 fusion-sep-none fusion-title-text fusion-title-size-three bold\" style=\"--awb-text-color:#5b5262;--awb-font-size:30px;\"><h3 class=\"fusion-title-heading title-heading-left\" style=\"margin:0;font-size:1em;\">Canal en l\u00ednia\/digital<\/h3><\/div><div class=\"fusion-text fusion-text-3\" style=\"--awb-font-size:15px;--awb-text-color:var(--awb-color8);\"><p>L&#8217;Entitat posa a la vostra disposici\u00f3 una eina on-line mitjan\u00e7ant la qual qualsevol empleat o persona relacionada amb l&#8217;Entitat podr\u00e0 presentar una comunicaci\u00f3 per escrit a trav\u00e9s dels seg\u00fcents enlla\u00e7os:\u00a0<a class=\"font-bold cursor-pointer\" href=\"https:\/\/corporate-line.com\/cnormativo-autoescolapallars\">https:\/\/corporate-line.com\/cnormativo-autoescolapallars<\/a>. Aquesta eina compta amb mesures de seguretat que garanteixen la protecci\u00f3 de la informaci\u00f3, la identitat de l&#8217;informant i la d&#8217;aquelles persones afectades, aix\u00ed com la confidencialitat i reserva de tot el proc\u00e9s de gesti\u00f3 i tramitaci\u00f3 de la comunicaci\u00f3.<\/p>\n<\/div><div class=\"fusion-title title fusion-title-3 fusion-sep-none fusion-title-text fusion-title-size-three bold\" style=\"--awb-text-color:#5b5262;--awb-font-size:30px;\"><h3 class=\"fusion-title-heading title-heading-left\" style=\"margin:0;font-size:1em;\">Canal Presencial \/ \u201cFace to face\u201d<\/h3><\/div><div class=\"fusion-text fusion-text-4\" style=\"--awb-font-size:15px;--awb-text-color:var(--awb-color8);\"><p>Una altra de les vies que l&#8217;Entitat posa a disposici\u00f3 dels seus empleats i els tercers que s&#8217;hi relacionen \u00e9s el canal presencial, que permet la presentaci\u00f3 de comunicacions verbals mitjan\u00e7ant una reuni\u00f3 presencial o per videoconfer\u00e8ncia. A fi d&#8217;assegurar el compliment degut dels compromisos i garanties recollides a la nostra Pol\u00edtica i el marc normatiu d&#8217;aplicaci\u00f3 per a aquest tipus de comunicacions, l&#8217;Entitat ha encomanat aquesta funci\u00f3 de gesti\u00f3 d&#8217;aquestes comunicacions a l&#8217;expert extern BONET consulting, per garantir la protecci\u00f3 de la identitat de l&#8217;informant tant en el proc\u00e9s de sol\u00b7licitud de cita pr\u00e8via, en la presentaci\u00f3 d&#8217;una comunicaci\u00f3 en format presencial com en el lloc de realitzaci\u00f3.<\/p>\n<p>Per poder fer \u00fas d&#8217;aquest canal, heu de sol\u00b7licitar cita pr\u00e8via a trav\u00e9s de les vies de contacte seg\u00fcents: Tel\u00e8fon:\u00a0<a class=\"font-bold cursor-pointer\">911087727<\/a>\u00a0\/\u00a0<a class=\"font-bold\">930460116<\/a>\u00a0L&#8217;horari d&#8217;atenci\u00f3 a l&#8217;informant \u00e9s el seg\u00fcent: De dilluns a dijous de 8.30 a 14.00 i de 15.00 a 18.00 hores. Divendres de 8.30 a 14.30 hores. E-mail:\u00a0<a class=\"font-bold cursor-pointer\">siifexterno@sistema-interno-informacion.com<\/a><\/p>\n<p>A fi de garantir les mesures de protecci\u00f3 i seguretat necess\u00e0ries d&#8217;aquest tipus de comunicacions, no es podran fer ni es registraran comunicacions presentades directament per tel\u00e8fon o e-mail. Aquestes dues eines estan habilitades exclusivament per coordinar amb el personal t\u00e8cnic dia , hora i lloc per realitzar la comunicaci\u00f3 en format presencial. Agra\u00efm seguiu les indicacions descrites anteriorment per accedir i utilitzar adequadament els canals oficials habilitats per l&#8217;Entitat per a la presentaci\u00f3 de comunicacions i l&#8217;aplicaci\u00f3 de tots els nostres mecanismes de seguretat i protecci\u00f3 necessaris. Per a qualsevol dubte o consulta sobre el funcionament del Sistema Intern d&#8217;Informaci\u00f3 de l&#8217;Entitat, podeu posar-vos en contacte amb el Responsable del Sistema a trav\u00e9s del seg\u00fcent email:\u00a0<a class=\"font-bold cursor-pointer\">multinormatiu@autoescolapallars.com<\/a>.<\/p>\n<\/div><\/div><\/div><\/div><\/div>\n","protected":false},"excerpt":{"rendered":"","protected":false},"author":1,"featured_media":0,"parent":0,"menu_order":0,"comment_status":"closed","ping_status":"closed","template":"100-width.php","meta":{"footnotes":""},"class_list":["post-2510","page","type-page","status-publish","hentry"],"yoast_head":"<!-- This site is optimized with the Yoast SEO plugin v24.4 - https:\/\/yoast.com\/wordpress\/plugins\/seo\/ -->\n<title>Sistema intern d&#039;informaci\u00f3 - Autoescola Pallars<\/title>\n<meta name=\"robots\" content=\"index, follow, max-snippet:-1, max-image-preview:large, max-video-preview:-1\" \/>\n<link rel=\"canonical\" href=\"https:\/\/autoescola.compsaonline.cat\/ca\/system-information\/\" \/>\n<meta property=\"og:locale\" content=\"ca_ES\" \/>\n<meta property=\"og:type\" content=\"article\" \/>\n<meta property=\"og:title\" content=\"Sistema intern d&#039;informaci\u00f3 - Autoescola Pallars\" \/>\n<meta property=\"og:url\" content=\"https:\/\/autoescola.compsaonline.cat\/ca\/system-information\/\" \/>\n<meta property=\"og:site_name\" content=\"Autoescola Pallars\" \/>\n<meta property=\"article:publisher\" content=\"https:\/\/www.facebook.com\/auto.pallars\/\" \/>\n<meta property=\"article:modified_time\" content=\"2025-02-05T10:42:49+00:00\" \/>\n<meta name=\"twitter:card\" content=\"summary_large_image\" \/>\n<meta name=\"twitter:site\" content=\"@autoescopallars\" \/>\n<meta name=\"twitter:label1\" content=\"Temps estimat de lectura\" \/>\n\t<meta name=\"twitter:data1\" content=\"4 minuts\" \/>\n<script type=\"application\/ld+json\" class=\"yoast-schema-graph\">{\"@context\":\"https:\/\/schema.org\",\"@graph\":[{\"@type\":\"WebPage\",\"@id\":\"https:\/\/autoescola.compsaonline.cat\/ca\/system-information\/\",\"url\":\"https:\/\/autoescola.compsaonline.cat\/ca\/system-information\/\",\"name\":\"Sistema intern d'informaci\u00f3 - Autoescola Pallars\",\"isPartOf\":{\"@id\":\"https:\/\/autoescola.compsaonline.cat\/ca\/#website\"},\"datePublished\":\"2025-02-05T10:41:29+00:00\",\"dateModified\":\"2025-02-05T10:42:49+00:00\",\"breadcrumb\":{\"@id\":\"https:\/\/autoescola.compsaonline.cat\/ca\/system-information\/#breadcrumb\"},\"inLanguage\":\"ca\",\"potentialAction\":[{\"@type\":\"ReadAction\",\"target\":[\"https:\/\/autoescola.compsaonline.cat\/ca\/system-information\/\"]}]},{\"@type\":\"BreadcrumbList\",\"@id\":\"https:\/\/autoescola.compsaonline.cat\/ca\/system-information\/#breadcrumb\",\"itemListElement\":[{\"@type\":\"ListItem\",\"position\":1,\"name\":\"Inici\",\"item\":\"https:\/\/autoescola.compsaonline.cat\/ca\/\"},{\"@type\":\"ListItem\",\"position\":2,\"name\":\"Sistema intern d&#8217;informaci\u00f3\"}]},{\"@type\":\"WebSite\",\"@id\":\"https:\/\/autoescola.compsaonline.cat\/ca\/#website\",\"url\":\"https:\/\/autoescola.compsaonline.cat\/ca\/\",\"name\":\"Autoescola Pallars\",\"description\":\"A l&#039;Autoescola Pallars portem m\u00e9s de 50 anys formant conductors. Tria un carnet i gaudeix d&#039;estudiar amb nosaltres. M\u00e9s que una autoescola \u00e9s una actitud!\",\"publisher\":{\"@id\":\"https:\/\/autoescola.compsaonline.cat\/ca\/#organization\"},\"potentialAction\":[{\"@type\":\"SearchAction\",\"target\":{\"@type\":\"EntryPoint\",\"urlTemplate\":\"https:\/\/autoescola.compsaonline.cat\/ca\/?s={search_term_string}\"},\"query-input\":{\"@type\":\"PropertyValueSpecification\",\"valueRequired\":true,\"valueName\":\"search_term_string\"}}],\"inLanguage\":\"ca\"},{\"@type\":\"Organization\",\"@id\":\"https:\/\/autoescola.compsaonline.cat\/ca\/#organization\",\"name\":\"Autoescola Pallars\",\"url\":\"https:\/\/autoescola.compsaonline.cat\/ca\/\",\"logo\":{\"@type\":\"ImageObject\",\"inLanguage\":\"ca\",\"@id\":\"https:\/\/autoescola.compsaonline.cat\/ca\/#\/schema\/logo\/image\/\",\"url\":\"https:\/\/autoescola.compsaonline.cat\/wp-content\/uploads\/2025\/01\/logo-header-dark.png\",\"contentUrl\":\"https:\/\/autoescola.compsaonline.cat\/wp-content\/uploads\/2025\/01\/logo-header-dark.png\",\"width\":260,\"height\":84,\"caption\":\"Autoescola Pallars\"},\"image\":{\"@id\":\"https:\/\/autoescola.compsaonline.cat\/ca\/#\/schema\/logo\/image\/\"},\"sameAs\":[\"https:\/\/www.facebook.com\/auto.pallars\/\",\"https:\/\/x.com\/autoescopallars\",\"https:\/\/www.instagram.com\/autoescolapallars\/\",\"https:\/\/www.youtube.com\/c\/autoescolapallars2\",\"https:\/\/www.linkedin.com\/company\/autoescola-pallars\"]}]}<\/script>\n<!-- \/ Yoast SEO plugin. -->","yoast_head_json":{"title":"Sistema intern d'informaci\u00f3 - Autoescola Pallars","robots":{"index":"index","follow":"follow","max-snippet":"max-snippet:-1","max-image-preview":"max-image-preview:large","max-video-preview":"max-video-preview:-1"},"canonical":"https:\/\/autoescola.compsaonline.cat\/ca\/system-information\/","og_locale":"ca_ES","og_type":"article","og_title":"Sistema intern d'informaci\u00f3 - Autoescola Pallars","og_url":"https:\/\/autoescola.compsaonline.cat\/ca\/system-information\/","og_site_name":"Autoescola Pallars","article_publisher":"https:\/\/www.facebook.com\/auto.pallars\/","article_modified_time":"2025-02-05T10:42:49+00:00","twitter_card":"summary_large_image","twitter_site":"@autoescopallars","twitter_misc":{"Temps estimat de lectura":"4 minuts"},"schema":{"@context":"https:\/\/schema.org","@graph":[{"@type":"WebPage","@id":"https:\/\/autoescola.compsaonline.cat\/ca\/system-information\/","url":"https:\/\/autoescola.compsaonline.cat\/ca\/system-information\/","name":"Sistema intern d'informaci\u00f3 - Autoescola Pallars","isPartOf":{"@id":"https:\/\/autoescola.compsaonline.cat\/ca\/#website"},"datePublished":"2025-02-05T10:41:29+00:00","dateModified":"2025-02-05T10:42:49+00:00","breadcrumb":{"@id":"https:\/\/autoescola.compsaonline.cat\/ca\/system-information\/#breadcrumb"},"inLanguage":"ca","potentialAction":[{"@type":"ReadAction","target":["https:\/\/autoescola.compsaonline.cat\/ca\/system-information\/"]}]},{"@type":"BreadcrumbList","@id":"https:\/\/autoescola.compsaonline.cat\/ca\/system-information\/#breadcrumb","itemListElement":[{"@type":"ListItem","position":1,"name":"Inici","item":"https:\/\/autoescola.compsaonline.cat\/ca\/"},{"@type":"ListItem","position":2,"name":"Sistema intern d&#8217;informaci\u00f3"}]},{"@type":"WebSite","@id":"https:\/\/autoescola.compsaonline.cat\/ca\/#website","url":"https:\/\/autoescola.compsaonline.cat\/ca\/","name":"Autoescola Pallars","description":"A l&#039;Autoescola Pallars portem m\u00e9s de 50 anys formant conductors. Tria un carnet i gaudeix d&#039;estudiar amb nosaltres. M\u00e9s que una autoescola \u00e9s una actitud!","publisher":{"@id":"https:\/\/autoescola.compsaonline.cat\/ca\/#organization"},"potentialAction":[{"@type":"SearchAction","target":{"@type":"EntryPoint","urlTemplate":"https:\/\/autoescola.compsaonline.cat\/ca\/?s={search_term_string}"},"query-input":{"@type":"PropertyValueSpecification","valueRequired":true,"valueName":"search_term_string"}}],"inLanguage":"ca"},{"@type":"Organization","@id":"https:\/\/autoescola.compsaonline.cat\/ca\/#organization","name":"Autoescola Pallars","url":"https:\/\/autoescola.compsaonline.cat\/ca\/","logo":{"@type":"ImageObject","inLanguage":"ca","@id":"https:\/\/autoescola.compsaonline.cat\/ca\/#\/schema\/logo\/image\/","url":"https:\/\/autoescola.compsaonline.cat\/wp-content\/uploads\/2025\/01\/logo-header-dark.png","contentUrl":"https:\/\/autoescola.compsaonline.cat\/wp-content\/uploads\/2025\/01\/logo-header-dark.png","width":260,"height":84,"caption":"Autoescola Pallars"},"image":{"@id":"https:\/\/autoescola.compsaonline.cat\/ca\/#\/schema\/logo\/image\/"},"sameAs":["https:\/\/www.facebook.com\/auto.pallars\/","https:\/\/x.com\/autoescopallars","https:\/\/www.instagram.com\/autoescolapallars\/","https:\/\/www.youtube.com\/c\/autoescolapallars2","https:\/\/www.linkedin.com\/company\/autoescola-pallars"]}]}},"_links":{"self":[{"href":"https:\/\/autoescola.compsaonline.cat\/ca\/wp-json\/wp\/v2\/pages\/2510","targetHints":{"allow":["GET"]}}],"collection":[{"href":"https:\/\/autoescola.compsaonline.cat\/ca\/wp-json\/wp\/v2\/pages"}],"about":[{"href":"https:\/\/autoescola.compsaonline.cat\/ca\/wp-json\/wp\/v2\/types\/page"}],"author":[{"embeddable":true,"href":"https:\/\/autoescola.compsaonline.cat\/ca\/wp-json\/wp\/v2\/users\/1"}],"replies":[{"embeddable":true,"href":"https:\/\/autoescola.compsaonline.cat\/ca\/wp-json\/wp\/v2\/comments?post=2510"}],"version-history":[{"count":2,"href":"https:\/\/autoescola.compsaonline.cat\/ca\/wp-json\/wp\/v2\/pages\/2510\/revisions"}],"predecessor-version":[{"id":2514,"href":"https:\/\/autoescola.compsaonline.cat\/ca\/wp-json\/wp\/v2\/pages\/2510\/revisions\/2514"}],"wp:attachment":[{"href":"https:\/\/autoescola.compsaonline.cat\/ca\/wp-json\/wp\/v2\/media?parent=2510"}],"curies":[{"name":"wp","href":"https:\/\/api.w.org\/{rel}","templated":true}]}}