{"id":2469,"date":"2025-02-04T17:32:01","date_gmt":"2025-02-04T16:32:01","guid":{"rendered":"https:\/\/autoescola.compsaonline.cat\/?page_id=2469"},"modified":"2025-02-04T17:47:02","modified_gmt":"2025-02-04T16:47:02","slug":"politica-de-cookies","status":"publish","type":"page","link":"https:\/\/autoescola.compsaonline.cat\/ca\/politica-de-cookies\/","title":{"rendered":"Pol\u00edtica de cookies"},"content":{"rendered":"<div class=\"fusion-fullwidth fullwidth-box fusion-builder-row-1 fusion-flex-container has-pattern-background has-mask-background nonhundred-percent-fullwidth non-hundred-percent-height-scrolling\" style=\"--awb-border-radius-top-left:0px;--awb-border-radius-top-right:0px;--awb-border-radius-bottom-right:0px;--awb-border-radius-bottom-left:0px;--awb-padding-top:100px;--awb-padding-bottom:100px;--awb-background-color:var(--awb-color1);--awb-flex-wrap:wrap;\" ><div class=\"fusion-builder-row fusion-row fusion-flex-align-items-flex-start fusion-flex-content-wrap\" style=\"max-width:1081.6px;margin-left: calc(-4% \/ 2 );margin-right: calc(-4% \/ 2 );\"><div class=\"fusion-layout-column fusion_builder_column fusion-builder-column-0 fusion_builder_column_1_1 1_1 fusion-flex-column\" style=\"--awb-bg-size:cover;--awb-width-large:100%;--awb-spacing-right-large:1.92%;--awb-margin-bottom-large:0px;--awb-spacing-left-large:1.92%;--awb-width-medium:100%;--awb-order-medium:0;--awb-spacing-right-medium:1.92%;--awb-spacing-left-medium:1.92%;--awb-width-small:100%;--awb-order-small:0;--awb-spacing-right-small:1.92%;--awb-spacing-left-small:1.92%;\"><div class=\"fusion-column-wrapper fusion-column-has-shadow fusion-flex-justify-content-flex-start fusion-content-layout-column\"><div class=\"fusion-title title fusion-title-1 fusion-sep-none fusion-title-text fusion-title-size-three bold\" style=\"--awb-text-color:#5b5262;--awb-font-size:30px;\"><h3 class=\"fusion-title-heading title-heading-left\" style=\"margin:0;font-size:1em;\">Qu\u00e8 s\u00f3n les cookies?<\/h3><\/div><div class=\"fusion-text fusion-text-1\" style=\"--awb-font-size:15px;--awb-text-color:var(--awb-color8);\"><p>Les cookies s\u00f3n fitxers que es descarreguen en el teu ordinador quan accedeixes a aquesta p\u00e0gina web i que van a fer possible, entre altres coses, l&#8217;emmagatzematge i recuperaci\u00f3 d&#8217;informaci\u00f3 sobre els teus h\u00e0bits de navegaci\u00f3 o del teu equip i que tinguis una millor experi\u00e8ncia de navegaci\u00f3 . Aquest web utilitza cookies pr\u00f2pies i de tercers.<\/p>\n<\/div><div class=\"fusion-title title fusion-title-2 fusion-sep-none fusion-title-text fusion-title-size-three bold\" style=\"--awb-text-color:#5b5262;--awb-font-size:30px;\"><h3 class=\"fusion-title-heading title-heading-left\" style=\"margin:0;font-size:1em;\">Desactivaci\u00f3 \/ activaci\u00f3 o eliminaci\u00f3 de cookies<\/h3><\/div><div class=\"fusion-text fusion-text-2\" style=\"--awb-font-size:15px;--awb-text-color:var(--awb-color8);\"><p class=\"mb-5\">AUTOESCOLA PALLARS, S.L. posa a disposici\u00f3 dels usuaris que vulguin impedir la instal\u00b7laci\u00f3 de les esmentades cookies enlla\u00e7os a les instruccions facilitades a l&#8217;efecte per navegadors l&#8217;\u00fas considera m\u00e9s est\u00e8s:<\/p>\n<ul class=\"list-inside list-disc mb-5\">\n<li class=\"ml-2 lg:ml-3\">\n<p class=\"inline\">Google Chrome<\/p>\n<\/li>\n<li class=\"ml-2 lg:ml-3\">\n<p class=\"inline\">Internet Explorer<\/p>\n<\/li>\n<li class=\"ml-2 lg:ml-3\">\n<p class=\"inline\">Mozilla Firefox<\/p>\n<\/li>\n<li class=\"ml-2 lg:ml-3\">\n<p class=\"inline\">Apple Safari<\/p>\n<\/li>\n<\/ul>\n<p class=\"mb-5\">Pots consultar el reglament sobre cookies publicat per l&#8217;Ag\u00e8ncia Espanyola de Protecci\u00f3 de Dades en la seva \u201c<a class=\"underline\" href=\"https:\/\/www.agpd.es\/portalwebAGPD\/canaldocumentacion\/publicaciones\/common\/Guias\/Guia_Cookies.pdf\">Gu\u00eda sobre el uso de las cookies<\/a>\u201d i obtenir m\u00e9s informaci\u00f3 sobre les cookies a Internet a\u00a0<a class=\"underline\" href=\"http:\/\/www.aboutcookies.org\/\">http:\/\/www.aboutcookies.org\/<\/a>.<\/p>\n<\/div><div class=\"fusion-title title fusion-title-3 fusion-sep-none fusion-title-text fusion-title-size-three bold\" style=\"--awb-text-color:#5b5262;--awb-font-size:30px;\"><h3 class=\"fusion-title-heading title-heading-left\" style=\"margin:0;font-size:1em;\">Advert\u00e8ncia important sobre les cookies<\/h3><\/div><div class=\"fusion-text fusion-text-3\" style=\"--awb-font-size:15px;--awb-text-color:var(--awb-color8);\"><p class=\"mb-5\">Tenint en compte la forma en qu\u00e8 funciona Internet i els llocs web, no sempre comptem amb informaci\u00f3 de les cookies que terceres parts puguin utilitzar a trav\u00e9s del nostre lloc web.<\/p>\n<p class=\"mb-5\">Aix\u00f2 s&#8217;aplica especialment a casos en qu\u00e8 la nostra p\u00e0gina web cont\u00e9 elements integrats: \u00e9s a dir, textos, documents, imatges o breus pel\u00b7l\u00edcules que s&#8217;emmagatzemen en una altra part, per\u00f2 es mostren al nostre lloc web o mitjan\u00e7ant el mateix. D&#8217;all\u00ed la dificultat de complir el reglament sobre les Cookies de manera estricta.<\/p>\n<\/div><div class=\"fusion-title title fusion-title-4 fusion-sep-none fusion-title-text fusion-title-size-three bold\" style=\"--awb-text-color:#5b5262;--awb-font-size:30px;\"><h3 class=\"fusion-title-heading title-heading-left\" style=\"margin:0;font-size:1em;\">Quines cookies utilitza aquesta web?<\/h3><\/div><div class=\"fusion-text fusion-text-4\" style=\"--awb-font-size:15px;--awb-text-color:var(--awb-color8);\"><p class=\"mb-5\">En aquesta web s&#8217;utilitzen cookies pr\u00f2pies i de tercers per aconseguir que tinguis una millor experi\u00e8ncia de navegaci\u00f3 i per obtenir estad\u00edstiques d&#8217;usuaris.<\/p>\n<p class=\"mb-5\">Utilitzem les cookies seg\u00fcents:<\/p>\n<ul class=\"list-inside list-disc mb-5\">\n<li class=\"ml-2 lg:ml-3\">\n<p class=\"inline\"><span class=\"purplish-grey font-semibold\">Cookies d&#8217;an\u00e0lisi:<\/span>\u00a0S\u00f3n aquelles que, b\u00e9 sigui tractades per nosaltres o per tercers, ens permeten quantificar el nombre d&#8217;usuaris i aix\u00ed realitzar el mesurament i an\u00e0lisi estad\u00edstica de la utilitzaci\u00f3 que fan els usuaris del servei ofert. Per aix\u00f2 s&#8217;analitza la seva navegaci\u00f3 a la nostra p\u00e0gina web per tal de millorar l&#8217;oferta de productes o serveis que li oferim.<\/p>\n<\/li>\n<\/ul>\n<p class=\"mb-5\">En particular, aquest lloc web utilitza Google Analytics, un servei anal\u00edtic de web prestat per Google, Inc. amb domicili als Estats Units amb seu central a 1600 Amphitheatre Parkway, Mountain View, Calif\u00f2rnia 94043. Per a la prestaci\u00f3 d&#8217;aquests serveis, aquests utilitzen cookies que recopilen la informaci\u00f3, inclosa l&#8217;adre\u00e7a IP de l&#8217;usuari, que ser\u00e0 transmesa, tractada i emmagatzemada per Google en els termes fixats en la web Google.com. Incloent la possible transmissi\u00f3 d&#8217;aquesta informaci\u00f3 a tercers per raons d&#8217;exig\u00e8ncia legal o quan aquests tercers processin la informaci\u00f3 per compte de Google.<\/p>\n<p class=\"mb-5\">Com a usuari, la manera m\u00e9s senzilla d&#8217;evitar la desc\u00e0rrega de cookies \u00e9s bloquejant aquestes cookies mitjan\u00e7ant la configuraci\u00f3 apropiada del seu navegador. D&#8217;aquesta manera evitar\u00e0s que les cookies s&#8217;emmagatzemin en el teu disc dur.<\/p>\n<p class=\"mb-5\">Com a propietaris d&#8217;aquesta web, no utilitzem cap informaci\u00f3 personal procedent de cookies, tan sols s&#8217;utilitzen estad\u00edstiques generals de visites que en cap cas remeten a cap informaci\u00f3 personal, excepte l&#8217;adre\u00e7a IP.<\/p>\n<p class=\"mb-5\">Per aix\u00f2 \u00e9s important que llegeixis la present pol\u00edtica de cookies i entenguis que, si continues navegant, considerem que acceptes el seu \u00fas.<\/p>\n<p class=\"mb-5\">Segons els termes inclosos en l&#8217;article 22.2 de la Llei 34\/2002 de Serveis de la Societat de la Informaci\u00f3 i Comer\u00e7 Electr\u00f2nic, si continues navegant, estar\u00e0s donant el teu consentiment per a l&#8217;ocupaci\u00f3 dels referits mecanismes. I aix\u00ed mateix reconeixes con\u00e8ixer la possibilitat de rebutjar el tractament d&#8217;aquestes dades o informaci\u00f3 rebutjant l&#8217;\u00fas de cookies mitjan\u00e7ant la selecci\u00f3 de la configuraci\u00f3 apropiada a tal fi al teu navegador, si b\u00e9 aquesta opci\u00f3 de bloqueig de cookies en el vostre navegador pot no permetre-li l&#8217;\u00fas ple de totes les funcionalitats de la p\u00e0gina web.<\/p>\n<p class=\"mb-5\">Si voleu tenir un major control sobre la instal\u00b7laci\u00f3 de cookies, pot instal\u00b7lar programes o complements al seu navegador, coneguts com a eines de \u201cDo Not Track\u201d, que li permetran escollir aquelles Cookies que desitja permetre.<\/p>\n<p class=\"mb-5\">Si tens dubtes sobre aquesta pol\u00edtica de cookies, pot contactar amb AUTOESCOLA PALLARS, S.L. a:<\/p>\n<p><a class=\"typography-headline-4 font-bold red\" href=\"mailto:info@autoescolapallars.com\">info@autoescolapallars.com<\/a><\/p>\n<\/div><\/div><\/div><\/div><\/div>\n","protected":false},"excerpt":{"rendered":"","protected":false},"author":1,"featured_media":0,"parent":0,"menu_order":0,"comment_status":"closed","ping_status":"closed","template":"100-width.php","meta":{"footnotes":""},"class_list":["post-2469","page","type-page","status-publish","hentry"],"yoast_head":"<!-- This site is optimized with the Yoast SEO plugin v24.4 - https:\/\/yoast.com\/wordpress\/plugins\/seo\/ -->\n<title>Pol\u00edtica de cookies - Autoescola Pallars<\/title>\n<meta name=\"robots\" content=\"index, follow, max-snippet:-1, max-image-preview:large, max-video-preview:-1\" \/>\n<link rel=\"canonical\" href=\"https:\/\/autoescola.compsaonline.cat\/ca\/politica-de-cookies\/\" \/>\n<meta property=\"og:locale\" content=\"ca_ES\" \/>\n<meta property=\"og:type\" content=\"article\" \/>\n<meta property=\"og:title\" content=\"Pol\u00edtica de cookies - Autoescola Pallars\" \/>\n<meta property=\"og:url\" content=\"https:\/\/autoescola.compsaonline.cat\/ca\/politica-de-cookies\/\" \/>\n<meta property=\"og:site_name\" content=\"Autoescola Pallars\" \/>\n<meta property=\"article:publisher\" content=\"https:\/\/www.facebook.com\/auto.pallars\/\" \/>\n<meta property=\"article:modified_time\" content=\"2025-02-04T16:47:02+00:00\" \/>\n<meta name=\"twitter:card\" content=\"summary_large_image\" \/>\n<meta name=\"twitter:site\" content=\"@autoescopallars\" \/>\n<meta name=\"twitter:label1\" content=\"Temps estimat de lectura\" \/>\n\t<meta name=\"twitter:data1\" content=\"4 minuts\" \/>\n<script type=\"application\/ld+json\" class=\"yoast-schema-graph\">{\"@context\":\"https:\/\/schema.org\",\"@graph\":[{\"@type\":\"WebPage\",\"@id\":\"https:\/\/autoescola.compsaonline.cat\/ca\/politica-de-cookies\/\",\"url\":\"https:\/\/autoescola.compsaonline.cat\/ca\/politica-de-cookies\/\",\"name\":\"Pol\u00edtica de cookies - Autoescola Pallars\",\"isPartOf\":{\"@id\":\"https:\/\/autoescola.compsaonline.cat\/ca\/#website\"},\"datePublished\":\"2025-02-04T16:32:01+00:00\",\"dateModified\":\"2025-02-04T16:47:02+00:00\",\"breadcrumb\":{\"@id\":\"https:\/\/autoescola.compsaonline.cat\/ca\/politica-de-cookies\/#breadcrumb\"},\"inLanguage\":\"ca\",\"potentialAction\":[{\"@type\":\"ReadAction\",\"target\":[\"https:\/\/autoescola.compsaonline.cat\/ca\/politica-de-cookies\/\"]}]},{\"@type\":\"BreadcrumbList\",\"@id\":\"https:\/\/autoescola.compsaonline.cat\/ca\/politica-de-cookies\/#breadcrumb\",\"itemListElement\":[{\"@type\":\"ListItem\",\"position\":1,\"name\":\"Inici\",\"item\":\"https:\/\/autoescola.compsaonline.cat\/ca\/\"},{\"@type\":\"ListItem\",\"position\":2,\"name\":\"Pol\u00edtica de cookies\"}]},{\"@type\":\"WebSite\",\"@id\":\"https:\/\/autoescola.compsaonline.cat\/ca\/#website\",\"url\":\"https:\/\/autoescola.compsaonline.cat\/ca\/\",\"name\":\"Autoescola Pallars\",\"description\":\"A l&#039;Autoescola Pallars portem m\u00e9s de 50 anys formant conductors. Tria un carnet i gaudeix d&#039;estudiar amb nosaltres. M\u00e9s que una autoescola \u00e9s una actitud!\",\"publisher\":{\"@id\":\"https:\/\/autoescola.compsaonline.cat\/ca\/#organization\"},\"potentialAction\":[{\"@type\":\"SearchAction\",\"target\":{\"@type\":\"EntryPoint\",\"urlTemplate\":\"https:\/\/autoescola.compsaonline.cat\/ca\/?s={search_term_string}\"},\"query-input\":{\"@type\":\"PropertyValueSpecification\",\"valueRequired\":true,\"valueName\":\"search_term_string\"}}],\"inLanguage\":\"ca\"},{\"@type\":\"Organization\",\"@id\":\"https:\/\/autoescola.compsaonline.cat\/ca\/#organization\",\"name\":\"Autoescola Pallars\",\"url\":\"https:\/\/autoescola.compsaonline.cat\/ca\/\",\"logo\":{\"@type\":\"ImageObject\",\"inLanguage\":\"ca\",\"@id\":\"https:\/\/autoescola.compsaonline.cat\/ca\/#\/schema\/logo\/image\/\",\"url\":\"https:\/\/autoescola.compsaonline.cat\/wp-content\/uploads\/2025\/01\/logo-header-dark.png\",\"contentUrl\":\"https:\/\/autoescola.compsaonline.cat\/wp-content\/uploads\/2025\/01\/logo-header-dark.png\",\"width\":260,\"height\":84,\"caption\":\"Autoescola Pallars\"},\"image\":{\"@id\":\"https:\/\/autoescola.compsaonline.cat\/ca\/#\/schema\/logo\/image\/\"},\"sameAs\":[\"https:\/\/www.facebook.com\/auto.pallars\/\",\"https:\/\/x.com\/autoescopallars\",\"https:\/\/www.instagram.com\/autoescolapallars\/\",\"https:\/\/www.youtube.com\/c\/autoescolapallars2\",\"https:\/\/www.linkedin.com\/company\/autoescola-pallars\"]}]}<\/script>\n<!-- \/ Yoast SEO plugin. -->","yoast_head_json":{"title":"Pol\u00edtica de cookies - Autoescola Pallars","robots":{"index":"index","follow":"follow","max-snippet":"max-snippet:-1","max-image-preview":"max-image-preview:large","max-video-preview":"max-video-preview:-1"},"canonical":"https:\/\/autoescola.compsaonline.cat\/ca\/politica-de-cookies\/","og_locale":"ca_ES","og_type":"article","og_title":"Pol\u00edtica de cookies - Autoescola Pallars","og_url":"https:\/\/autoescola.compsaonline.cat\/ca\/politica-de-cookies\/","og_site_name":"Autoescola Pallars","article_publisher":"https:\/\/www.facebook.com\/auto.pallars\/","article_modified_time":"2025-02-04T16:47:02+00:00","twitter_card":"summary_large_image","twitter_site":"@autoescopallars","twitter_misc":{"Temps estimat de lectura":"4 minuts"},"schema":{"@context":"https:\/\/schema.org","@graph":[{"@type":"WebPage","@id":"https:\/\/autoescola.compsaonline.cat\/ca\/politica-de-cookies\/","url":"https:\/\/autoescola.compsaonline.cat\/ca\/politica-de-cookies\/","name":"Pol\u00edtica de cookies - Autoescola Pallars","isPartOf":{"@id":"https:\/\/autoescola.compsaonline.cat\/ca\/#website"},"datePublished":"2025-02-04T16:32:01+00:00","dateModified":"2025-02-04T16:47:02+00:00","breadcrumb":{"@id":"https:\/\/autoescola.compsaonline.cat\/ca\/politica-de-cookies\/#breadcrumb"},"inLanguage":"ca","potentialAction":[{"@type":"ReadAction","target":["https:\/\/autoescola.compsaonline.cat\/ca\/politica-de-cookies\/"]}]},{"@type":"BreadcrumbList","@id":"https:\/\/autoescola.compsaonline.cat\/ca\/politica-de-cookies\/#breadcrumb","itemListElement":[{"@type":"ListItem","position":1,"name":"Inici","item":"https:\/\/autoescola.compsaonline.cat\/ca\/"},{"@type":"ListItem","position":2,"name":"Pol\u00edtica de cookies"}]},{"@type":"WebSite","@id":"https:\/\/autoescola.compsaonline.cat\/ca\/#website","url":"https:\/\/autoescola.compsaonline.cat\/ca\/","name":"Autoescola Pallars","description":"A l&#039;Autoescola Pallars portem m\u00e9s de 50 anys formant conductors. Tria un carnet i gaudeix d&#039;estudiar amb nosaltres. M\u00e9s que una autoescola \u00e9s una actitud!","publisher":{"@id":"https:\/\/autoescola.compsaonline.cat\/ca\/#organization"},"potentialAction":[{"@type":"SearchAction","target":{"@type":"EntryPoint","urlTemplate":"https:\/\/autoescola.compsaonline.cat\/ca\/?s={search_term_string}"},"query-input":{"@type":"PropertyValueSpecification","valueRequired":true,"valueName":"search_term_string"}}],"inLanguage":"ca"},{"@type":"Organization","@id":"https:\/\/autoescola.compsaonline.cat\/ca\/#organization","name":"Autoescola Pallars","url":"https:\/\/autoescola.compsaonline.cat\/ca\/","logo":{"@type":"ImageObject","inLanguage":"ca","@id":"https:\/\/autoescola.compsaonline.cat\/ca\/#\/schema\/logo\/image\/","url":"https:\/\/autoescola.compsaonline.cat\/wp-content\/uploads\/2025\/01\/logo-header-dark.png","contentUrl":"https:\/\/autoescola.compsaonline.cat\/wp-content\/uploads\/2025\/01\/logo-header-dark.png","width":260,"height":84,"caption":"Autoescola Pallars"},"image":{"@id":"https:\/\/autoescola.compsaonline.cat\/ca\/#\/schema\/logo\/image\/"},"sameAs":["https:\/\/www.facebook.com\/auto.pallars\/","https:\/\/x.com\/autoescopallars","https:\/\/www.instagram.com\/autoescolapallars\/","https:\/\/www.youtube.com\/c\/autoescolapallars2","https:\/\/www.linkedin.com\/company\/autoescola-pallars"]}]}},"_links":{"self":[{"href":"https:\/\/autoescola.compsaonline.cat\/ca\/wp-json\/wp\/v2\/pages\/2469","targetHints":{"allow":["GET"]}}],"collection":[{"href":"https:\/\/autoescola.compsaonline.cat\/ca\/wp-json\/wp\/v2\/pages"}],"about":[{"href":"https:\/\/autoescola.compsaonline.cat\/ca\/wp-json\/wp\/v2\/types\/page"}],"author":[{"embeddable":true,"href":"https:\/\/autoescola.compsaonline.cat\/ca\/wp-json\/wp\/v2\/users\/1"}],"replies":[{"embeddable":true,"href":"https:\/\/autoescola.compsaonline.cat\/ca\/wp-json\/wp\/v2\/comments?post=2469"}],"version-history":[{"count":10,"href":"https:\/\/autoescola.compsaonline.cat\/ca\/wp-json\/wp\/v2\/pages\/2469\/revisions"}],"predecessor-version":[{"id":2482,"href":"https:\/\/autoescola.compsaonline.cat\/ca\/wp-json\/wp\/v2\/pages\/2469\/revisions\/2482"}],"wp:attachment":[{"href":"https:\/\/autoescola.compsaonline.cat\/ca\/wp-json\/wp\/v2\/media?parent=2469"}],"curies":[{"name":"wp","href":"https:\/\/api.w.org\/{rel}","templated":true}]}}